{"id":13970,"date":"2025-07-07T20:39:36","date_gmt":"2025-07-08T01:39:36","guid":{"rendered":"https:\/\/abogadista.com\/mx\/?page_id=13970"},"modified":"2025-07-07T20:39:36","modified_gmt":"2025-07-08T01:39:36","slug":"politica-de-cookies","status":"publish","type":"page","link":"https:\/\/abogadista.com\/mx\/politica-de-cookies\/","title":{"rendered":"Pol\u00edtica de Cookies"},"content":{"rendered":"<h1>Pol\u00edtica de Cookies<\/h1>\n<section>\n<p>Una <strong>cookie<\/strong> es un fichero que se descarga en su ordenador al acceder a determinadas p\u00e1ginas web. Las cookies permiten almacenar y recuperar informaci\u00f3n sobre los h\u00e1bitos de navegaci\u00f3n de un usuario o de su equipo y, dependiendo de la informaci\u00f3n que contengan, pueden utilizarse para reconocer al usuario.<\/p>\n<p>El navegador memoriza cookies en el disco duro solamente durante la sesi\u00f3n actual, ocupando un espacio m\u00ednimo y sin perjudicar al ordenador. No contienen informaci\u00f3n personal espec\u00edfica, y la mayor\u00eda se borran al finalizar la sesi\u00f3n (cookies de sesi\u00f3n).<\/p>\n<p>La mayor\u00eda de navegadores aceptan cookies por defecto y permiten gestionar temporal o permanentemente su uso desde las opciones de seguridad.<\/p>\n<p>Sin su expreso consentimiento \u2014mediante la activaci\u00f3n de las cookies en su navegador\u2014 <strong>Abogadista<\/strong> no enlazar\u00e1 los datos memorizados con sus datos personales proporcionados en formularios.<\/p>\n<\/section>\n<section>\n<h2>Tipos de cookies que utilizamos<\/h2>\n<ul>\n<li><strong>Cookies t\u00e9cnicas:<\/strong> Permiten la navegaci\u00f3n y el uso de opciones o servicios. Ej.: controlar el tr\u00e1fico, identificar la sesi\u00f3n, procesos de compra, seguridad, distribuci\u00f3n de contenidos multimedia.<\/li>\n<li><strong>Cookies de personalizaci\u00f3n:<\/strong> Configuraci\u00f3n predefinida seg\u00fan idioma, navegador, regi\u00f3n u otras preferencias.<\/li>\n<li><strong>Cookies de an\u00e1lisis:<\/strong> Cuantifican usuarios y analizan su uso con fines estad\u00edsticos para mejorar productos y servicios.<\/li>\n<li><strong>Cookies publicitarias:<\/strong> Gestionan espacios publicitarios, adaptando anuncios al contenido y h\u00e1bitos de navegaci\u00f3n.<\/li>\n<li><strong>Cookies de publicidad comportamental:<\/strong> Recogen informaci\u00f3n de h\u00e1bitos de navegaci\u00f3n para crear perfiles y mostrar publicidad personalizada.<\/li>\n<li><strong>Cookies de terceros:<\/strong> Servicios de terceros, como Google Analytics, recopilan datos para an\u00e1lisis estad\u00edstico y otros servicios relacionados. Google Analytics recopila, trata y almacena informaci\u00f3n, incluida la IP, de acuerdo a sus pol\u00edticas.<\/li>\n<\/ul>\n<\/section>\n<section>\n<h2>Google Analytics<\/h2>\n<p>Este sitio utiliza <strong>Google Analytics<\/strong>, un servicio de Google, Inc. que emplea cookies para analizar su uso del sitio. La informaci\u00f3n generada (incluida IP) ser\u00e1 transmitida y almacenada por Google en EE.\u00a0UU., pudiendo ser requerida por razones legales.<\/p>\n<\/section>\n<section>\n<h2>Consentimiento y gesti\u00f3n de cookies<\/h2>\n<p>El usuario acepta expresamente el tratamiento de la informaci\u00f3n recabada de las cookies. Puede rechazar su uso configurando su navegador, aunque esto puede impedir el funcionamiento completo del sitio.<\/p>\n<p>Para permitir, bloquear o eliminar cookies, configure las opciones del navegador:<\/p>\n<ul>\n<li><strong>Chrome:<\/strong> Men\u00fa > Configuraci\u00f3n > Privacidad y seguridad > Cookies y otros datos.<\/li>\n<li><strong>Explorer:<\/strong> Herramientas > Opciones de Internet > Privacidad > Configuraci\u00f3n.<\/li>\n<li><strong>Firefox:<\/strong> Men\u00fa > Opciones > Privacidad y seguridad > Cookies y datos del sitio.<\/li>\n<li><strong>Safari:<\/strong> Preferencias > Privacidad > Gestionar datos del sitio web.<\/li>\n<\/ul>\n<\/section>\n<section>\n<h2>Contacto<\/h2>\n<p>Si tiene dudas sobre esta pol\u00edtica de cookies, puede contactar con <strong>Abogadista<\/strong> en <a href=\"mailto:admin@abogadista.com\">admin@abogadista.com<\/a>.<\/p>\n<\/section>\n","protected":false},"excerpt":{"rendered":"<p>Pol\u00edtica de Cookies Una cookie es un fichero que se descarga en su ordenador al acceder a determinadas p\u00e1ginas web. Las cookies permiten almacenar y recuperar informaci\u00f3n sobre los h\u00e1bitos de navegaci\u00f3n de un usuario o de su equipo y, dependiendo de la informaci\u00f3n que contengan, pueden utilizarse para reconocer al usuario. El navegador memoriza &hellip; <a href=\"https:\/\/abogadista.com\/mx\/politica-de-cookies\/\" class=\"more-link\">Continue reading <span class=\"screen-reader-text\">Pol\u00edtica de Cookies<\/span><\/a><\/p>\n","protected":false},"author":1,"featured_media":0,"parent":0,"menu_order":0,"comment_status":"closed","ping_status":"closed","template":"","meta":{"om_disable_all_campaigns":false,"_monsterinsights_skip_tracking":false,"_monsterinsights_sitenote_active":false,"_monsterinsights_sitenote_note":"","_monsterinsights_sitenote_category":0,"footnotes":""},"tags":[],"class_list":["post-13970","page","type-page","status-publish","hentry"],"yoast_head":"<!-- This site is optimized with the Yoast SEO plugin v27.5 - https:\/\/yoast.com\/product\/yoast-seo-wordpress\/ -->\n<title>Pol\u00edtica de Cookies - Abogadista<\/title>\n<meta name=\"robots\" content=\"index, follow, max-snippet:-1, max-image-preview:large, max-video-preview:-1\" \/>\n<link rel=\"canonical\" href=\"https:\/\/abogadista.com\/mx\/politica-de-cookies\/\" \/>\n<meta property=\"og:locale\" content=\"es_MX\" \/>\n<meta property=\"og:type\" content=\"article\" \/>\n<meta property=\"og:title\" content=\"Pol\u00edtica de Cookies - Abogadista\" \/>\n<meta property=\"og:description\" content=\"Pol\u00edtica de Cookies Una cookie es un fichero que se descarga en su ordenador al acceder a determinadas p\u00e1ginas web. Las cookies permiten almacenar y recuperar informaci\u00f3n sobre los h\u00e1bitos de navegaci\u00f3n de un usuario o de su equipo y, dependiendo de la informaci\u00f3n que contengan, pueden utilizarse para reconocer al usuario. El navegador memoriza &hellip; Continue reading Pol\u00edtica de Cookies\" \/>\n<meta property=\"og:url\" content=\"https:\/\/abogadista.com\/mx\/politica-de-cookies\/\" \/>\n<meta property=\"og:site_name\" content=\"Abogadista\" \/>\n<meta name=\"twitter:card\" content=\"summary_large_image\" \/>\n<script type=\"application\/ld+json\" class=\"yoast-schema-graph\">{\"@context\":\"https:\\\/\\\/schema.org\",\"@graph\":[{\"@type\":\"WebPage\",\"@id\":\"https:\\\/\\\/abogadista.com\\\/mx\\\/politica-de-cookies\\\/\",\"url\":\"https:\\\/\\\/abogadista.com\\\/mx\\\/politica-de-cookies\\\/\",\"name\":\"Pol\u00edtica de Cookies - Abogadista\",\"isPartOf\":{\"@id\":\"https:\\\/\\\/abogadista.com\\\/mx\\\/#website\"},\"datePublished\":\"2025-07-08T01:39:36+00:00\",\"breadcrumb\":{\"@id\":\"https:\\\/\\\/abogadista.com\\\/mx\\\/politica-de-cookies\\\/#breadcrumb\"},\"inLanguage\":\"es\",\"potentialAction\":[{\"@type\":\"ReadAction\",\"target\":[\"https:\\\/\\\/abogadista.com\\\/mx\\\/politica-de-cookies\\\/\"]}]},{\"@type\":\"BreadcrumbList\",\"@id\":\"https:\\\/\\\/abogadista.com\\\/mx\\\/politica-de-cookies\\\/#breadcrumb\",\"itemListElement\":[{\"@type\":\"ListItem\",\"position\":1,\"name\":\"Portada\",\"item\":\"https:\\\/\\\/abogadista.com\\\/mx\\\/\"},{\"@type\":\"ListItem\",\"position\":2,\"name\":\"Pol\u00edtica de Cookies\"}]},{\"@type\":\"WebSite\",\"@id\":\"https:\\\/\\\/abogadista.com\\\/mx\\\/#website\",\"url\":\"https:\\\/\\\/abogadista.com\\\/mx\\\/\",\"name\":\"Abogadista\",\"description\":\"\",\"potentialAction\":[{\"@type\":\"SearchAction\",\"target\":{\"@type\":\"EntryPoint\",\"urlTemplate\":\"https:\\\/\\\/abogadista.com\\\/mx\\\/?s={search_term_string}\"},\"query-input\":{\"@type\":\"PropertyValueSpecification\",\"valueRequired\":true,\"valueName\":\"search_term_string\"}}],\"inLanguage\":\"es\"}]}<\/script>\n<!-- \/ Yoast SEO plugin. -->","yoast_head_json":{"title":"Pol\u00edtica de Cookies - Abogadista","robots":{"index":"index","follow":"follow","max-snippet":"max-snippet:-1","max-image-preview":"max-image-preview:large","max-video-preview":"max-video-preview:-1"},"canonical":"https:\/\/abogadista.com\/mx\/politica-de-cookies\/","og_locale":"es_MX","og_type":"article","og_title":"Pol\u00edtica de Cookies - Abogadista","og_description":"Pol\u00edtica de Cookies Una cookie es un fichero que se descarga en su ordenador al acceder a determinadas p\u00e1ginas web. Las cookies permiten almacenar y recuperar informaci\u00f3n sobre los h\u00e1bitos de navegaci\u00f3n de un usuario o de su equipo y, dependiendo de la informaci\u00f3n que contengan, pueden utilizarse para reconocer al usuario. El navegador memoriza &hellip; Continue reading Pol\u00edtica de Cookies","og_url":"https:\/\/abogadista.com\/mx\/politica-de-cookies\/","og_site_name":"Abogadista","twitter_card":"summary_large_image","schema":{"@context":"https:\/\/schema.org","@graph":[{"@type":"WebPage","@id":"https:\/\/abogadista.com\/mx\/politica-de-cookies\/","url":"https:\/\/abogadista.com\/mx\/politica-de-cookies\/","name":"Pol\u00edtica de Cookies - Abogadista","isPartOf":{"@id":"https:\/\/abogadista.com\/mx\/#website"},"datePublished":"2025-07-08T01:39:36+00:00","breadcrumb":{"@id":"https:\/\/abogadista.com\/mx\/politica-de-cookies\/#breadcrumb"},"inLanguage":"es","potentialAction":[{"@type":"ReadAction","target":["https:\/\/abogadista.com\/mx\/politica-de-cookies\/"]}]},{"@type":"BreadcrumbList","@id":"https:\/\/abogadista.com\/mx\/politica-de-cookies\/#breadcrumb","itemListElement":[{"@type":"ListItem","position":1,"name":"Portada","item":"https:\/\/abogadista.com\/mx\/"},{"@type":"ListItem","position":2,"name":"Pol\u00edtica de Cookies"}]},{"@type":"WebSite","@id":"https:\/\/abogadista.com\/mx\/#website","url":"https:\/\/abogadista.com\/mx\/","name":"Abogadista","description":"","potentialAction":[{"@type":"SearchAction","target":{"@type":"EntryPoint","urlTemplate":"https:\/\/abogadista.com\/mx\/?s={search_term_string}"},"query-input":{"@type":"PropertyValueSpecification","valueRequired":true,"valueName":"search_term_string"}}],"inLanguage":"es"}]}},"jetpack_sharing_enabled":true,"_links":{"self":[{"href":"https:\/\/abogadista.com\/mx\/wp-json\/wp\/v2\/pages\/13970","targetHints":{"allow":["GET"]}}],"collection":[{"href":"https:\/\/abogadista.com\/mx\/wp-json\/wp\/v2\/pages"}],"about":[{"href":"https:\/\/abogadista.com\/mx\/wp-json\/wp\/v2\/types\/page"}],"author":[{"embeddable":true,"href":"https:\/\/abogadista.com\/mx\/wp-json\/wp\/v2\/users\/1"}],"replies":[{"embeddable":true,"href":"https:\/\/abogadista.com\/mx\/wp-json\/wp\/v2\/comments?post=13970"}],"version-history":[{"count":1,"href":"https:\/\/abogadista.com\/mx\/wp-json\/wp\/v2\/pages\/13970\/revisions"}],"predecessor-version":[{"id":13971,"href":"https:\/\/abogadista.com\/mx\/wp-json\/wp\/v2\/pages\/13970\/revisions\/13971"}],"wp:attachment":[{"href":"https:\/\/abogadista.com\/mx\/wp-json\/wp\/v2\/media?parent=13970"}],"wp:term":[{"taxonomy":"post_tag","embeddable":true,"href":"https:\/\/abogadista.com\/mx\/wp-json\/wp\/v2\/tags?post=13970"}],"curies":[{"name":"wp","href":"https:\/\/api.w.org\/{rel}","templated":true}]}}